{"id":321,"date":"2026-01-06T08:15:22","date_gmt":"2026-01-06T11:15:22","guid":{"rendered":"https:\/\/nefroline.com.br\/?page_id=321"},"modified":"2026-01-06T08:43:29","modified_gmt":"2026-01-06T11:43:29","slug":"maintenance-page","status":"publish","type":"page","link":"https:\/\/nefroline.com.br\/","title":{"rendered":"Maintenance Page"},"content":{"rendered":"\t\t<div data-elementor-type=\"wp-page\" data-elementor-id=\"321\" class=\"elementor elementor-321\">\n\t\t\t\t\t\t\t\t\t<section class=\"elementor-section elementor-top-section elementor-element elementor-element-44fa494 elementor-section-boxed elementor-section-height-default elementor-section-height-default\" data-id=\"44fa494\" data-element_type=\"section\">\n\t\t\t\t\t\t<div class=\"elementor-container elementor-column-gap-default\">\n\t\t\t\t\t<div class=\"elementor-column elementor-col-100 elementor-top-column elementor-element elementor-element-32712ead\" data-id=\"32712ead\" data-element_type=\"column\">\n\t\t\t<div class=\"elementor-widget-wrap elementor-element-populated\">\n\t\t\t\t\t\t\t\t<div class=\"elementor-element elementor-element-36c0e0df elementor-widget elementor-widget-text-editor\" data-id=\"36c0e0df\" data-element_type=\"widget\" data-widget_type=\"text-editor.default\">\n\t\t\t\t<div class=\"elementor-widget-container\">\n\t\t\t<style>\/*! elementor - v3.9.0 - 06-12-2022 *\/\n.elementor-widget-text-editor.elementor-drop-cap-view-stacked .elementor-drop-cap{background-color:#818a91;color:#fff}.elementor-widget-text-editor.elementor-drop-cap-view-framed .elementor-drop-cap{color:#818a91;border:3px solid;background-color:transparent}.elementor-widget-text-editor:not(.elementor-drop-cap-view-default) .elementor-drop-cap{margin-top:8px}.elementor-widget-text-editor:not(.elementor-drop-cap-view-default) .elementor-drop-cap-letter{width:1em;height:1em}.elementor-widget-text-editor .elementor-drop-cap{float:left;text-align:center;line-height:1;font-size:50px}.elementor-widget-text-editor .elementor-drop-cap-letter{display:inline-block}<\/style>\t\t\t\t<p><!-- wp:themeisle-blocks\/advanced-columns {\"id\":\"wp-block-themeisle-blocks-advanced-columns-0d617423\",\"columns\":1,\"layout\":\"equal\",\"padding\":{\"top\":\"40px\",\"right\":\"20px\",\"bottom\":\"40px\",\"left\":\"20px\"},\"paddingTablet\":{\"top\":\"80px\",\"right\":\"20px\",\"bottom\":\"80px\",\"left\":\"20px\"},\"paddingMobile\":{\"top\":\"40px\",\"right\":\"20px\",\"bottom\":\"40px\",\"left\":\"20px\"},\"margin\":{\"top\":\"0px\",\"bottom\":\"0px\"},\"columnsWidth\":900,\"horizontalAlign\":\"center\",\"verticalAlign\":\"center\",\"backgroundColor\":\"#ffffff\",\"backgroundOverlayType\":\"image\",\"align\":\"full\",\"className\":\"has-light-bg\"} --><\/p>\n<div id=\"wp-block-themeisle-blocks-advanced-columns-0d617423\" class=\"wp-block-themeisle-blocks-advanced-columns alignfull has-1-columns has-desktop-equal-layout has-tablet-equal-layout has-mobile-equal-layout has-vertical-center has-light-bg\">\n<div class=\"wp-block-themeisle-blocks-advanced-columns-overlay\">\u00a0<\/div>\n<div class=\"innerblocks-wrap\">\n<p><!-- wp:themeisle-blocks\/advanced-column {\"id\":\"wp-block-themeisle-blocks-advanced-column-09847c7b\",\"paddingMobile\":{\"top\":\"0px\",\"right\":\"0px\",\"bottom\":\"0px\",\"left\":\"0px\"},\"columnWidth\":\"100\",\"className\":\"\"} --><\/p>\n<div id=\"wp-block-themeisle-blocks-advanced-column-09847c7b\" class=\"wp-block-themeisle-blocks-advanced-column\">\n<p><!-- wp:image {\"id\":181,\"width\":\"477px\",\"height\":\"349px\",\"sizeSlug\":\"large\",\"linkDestination\":\"none\",\"align\":\"center\",\"className\":\"ticss-3f08ab9a\",\"hasCustomCSS\":true,\"customCSS\":\".ticss-3f08ab9a { margin-right:-180px;}\"} --><\/p>\n<figure class=\"wp-block-image aligncenter size-large is-resized ticss-3f08ab9a\"><img decoding=\"async\" class=\"wp-image-181\" style=\"width: 477px; height: 349px;\" src=\"https:\/\/demosites.io\/otter\/wp-content\/uploads\/sites\/664\/2022\/08\/maintenance_image_hero.svg\" alt=\"\" \/><\/figure>\n<p><!-- \/wp:image --><!-- wp:themeisle-blocks\/advanced-heading {\"id\":\"wp-block-themeisle-blocks-advanced-heading-84bfa495\",\"tag\":\"h1\",\"align\":\"center\",\"alignTablet\":\"center\",\"alignMobile\":\"center\",\"headingColor\":\"#282525\",\"fontSize\":80,\"fontSizeTablet\":48,\"fontSizeMobile\":40,\"fontFamily\":\"Outfit\",\"fontVariant\":\"800\",\"fontStyle\":\"normal\",\"textTransform\":\"none\",\"className\":\"\"} --><\/p>\n<h1 id=\"wp-block-themeisle-blocks-advanced-heading-84bfa495\" class=\"wp-block-themeisle-blocks-advanced-heading wp-block-themeisle-blocks-advanced-heading-84bfa495\"><span style=\"font-family: Outfit; font-style: normal; background-color: rgba(0, 0, 0, 0);\">Nosso Site est\u00e1 em Manuten\u00e7\u00e3o<\/span><\/h1>\n<h1 id=\"wp-block-themeisle-blocks-advanced-heading-84bfa495\" class=\"wp-block-themeisle-blocks-advanced-heading wp-block-themeisle-blocks-advanced-heading-84bfa495\"><span style=\"font-size: 27px; font-weight: 400;\">Estaremos com uma Cara Nova @Nefroline<\/span><\/h1>\n<p><!-- \/wp:themeisle-blocks\/advanced-heading --><!-- wp:social-links {\"customIconColor\":\"#282525\",\"iconColorValue\":\"#282525\",\"size\":\"has-large-icon-size\",\"className\":\"is-style-logos-only\",\"layout\":{\"type\":\"flex\",\"justifyContent\":\"center\"}} --><\/p>\n<ul class=\"wp-block-social-links has-large-icon-size has-icon-color is-style-logos-only\"><!-- wp:social-link {\"url\":\"#\",\"service\":\"twitter\"} \/--><!-- wp:social-link {\"url\":\"#\",\"service\":\"facebook\"} \/--><!-- wp:social-link {\"url\":\"#\",\"service\":\"instagram\"} \/--><\/ul>\n<p><!-- \/wp:social-links --><\/p>\n<\/div>\n<p><!-- \/wp:themeisle-blocks\/advanced-column --><\/p>\n<\/div>\n<\/div>\n<p><!-- \/wp:themeisle-blocks\/advanced-columns --><!-- wp:themeisle-blocks\/advanced-columns {\"id\":\"wp-block-themeisle-blocks-advanced-columns-5d630746\",\"columns\":1,\"layout\":\"equal\",\"padding\":{\"top\":\"80px\",\"right\":\"20px\",\"bottom\":\"80px\",\"left\":\"20px\"},\"paddingTablet\":{\"top\":\"80px\",\"right\":\"20px\",\"bottom\":\"80px\",\"left\":\"20px\"},\"paddingMobile\":{\"top\":\"40px\",\"right\":\"20px\",\"bottom\":\"40px\",\"left\":\"20px\"},\"margin\":{\"top\":\"0px\",\"bottom\":\"0px\"},\"columnsWidth\":1140,\"horizontalAlign\":\"center\",\"verticalAlign\":\"center\",\"backgroundColor\":\"#efece5\",\"backgroundOverlayType\":\"image\",\"align\":\"full\",\"className\":\"has-light-bg\"} --><\/p>\n<div id=\"wp-block-themeisle-blocks-advanced-columns-5d630746\" class=\"wp-block-themeisle-blocks-advanced-columns alignfull has-1-columns has-desktop-equal-layout has-tablet-equal-layout has-mobile-equal-layout has-vertical-center has-light-bg\">\n<div class=\"wp-block-themeisle-blocks-advanced-columns-overlay\">\u00a0<\/div>\n<div class=\"innerblocks-wrap\">\n<p><!-- wp:themeisle-blocks\/advanced-column {\"id\":\"wp-block-themeisle-blocks-advanced-column-e9363a5a\",\"paddingMobile\":{\"top\":\"0px\",\"right\":\"0px\",\"bottom\":\"0px\",\"left\":\"0px\"},\"columnWidth\":\"100\",\"className\":\"\"} --><\/p>\n<div id=\"wp-block-themeisle-blocks-advanced-column-e9363a5a\" class=\"wp-block-themeisle-blocks-advanced-column\">\n<p><!-- wp:themeisle-blocks\/advanced-columns {\"id\":\"wp-block-themeisle-blocks-advanced-columns-cd4b7a17\",\"columns\":2,\"layout\":\"oneTwo\",\"layoutTablet\":\"collapsedRows\",\"layoutMobile\":\"collapsedRows\",\"paddingTablet\":{\"top\":\"64px\",\"right\":\"24px\",\"bottom\":\"64px\",\"left\":\"24px\"},\"paddingMobile\":{\"top\":\"0px\",\"right\":\"0px\",\"bottom\":\"0px\",\"left\":\"0px\"},\"margin\":{\"top\":\"0px\",\"bottom\":\"0px\"},\"className\":\"\"} --><\/p>\n<div id=\"wp-block-themeisle-blocks-advanced-columns-cd4b7a17\" class=\"wp-block-themeisle-blocks-advanced-columns has-2-columns has-desktop-oneTwo-layout has-tablet-collapsedRows-layout has-mobile-collapsedRows-layout has-vertical-unset\">\n<div class=\"wp-block-themeisle-blocks-advanced-columns-overlay\">\u00a0<\/div>\n<div class=\"innerblocks-wrap\">\n<p><!-- wp:themeisle-blocks\/advanced-column {\"id\":\"wp-block-themeisle-blocks-advanced-column-915f5db4\",\"paddingMobile\":{\"top\":\"0px\",\"right\":\"0px\",\"bottom\":\"0px\",\"left\":\"0px\"},\"columnWidth\":\"50.00\",\"className\":\"\"} --><\/p>\n<div id=\"wp-block-themeisle-blocks-advanced-column-915f5db4\" class=\"wp-block-themeisle-blocks-advanced-column\">\n<p><!-- wp:image {\"id\":164,\"sizeSlug\":\"large\",\"linkDestination\":\"none\"} --><\/p>\n<figure class=\"wp-block-image size-large\"><img decoding=\"async\" class=\"wp-image-164\" src=\"https:\/\/demosites.io\/otter\/wp-content\/uploads\/sites\/664\/2022\/08\/165-1.svg\" alt=\"\" \/><\/figure>\n<p><!-- \/wp:image --><\/p>\n<\/div>\n<p><!-- \/wp:themeisle-blocks\/advanced-column --><!-- wp:themeisle-blocks\/advanced-column {\"id\":\"wp-block-themeisle-blocks-advanced-column-31d8f751\",\"paddingMobile\":{\"top\":\"0px\",\"right\":\"0px\",\"bottom\":\"0px\",\"left\":\"0px\"},\"columnWidth\":\"50.00\",\"className\":\"\"} --><\/p>\n<div id=\"wp-block-themeisle-blocks-advanced-column-31d8f751\" class=\"wp-block-themeisle-blocks-advanced-column\">\n<p><!-- wp:themeisle-blocks\/advanced-heading {\"id\":\"wp-block-themeisle-blocks-advanced-heading-948398ab\",\"fontSize\":40,\"fontFamily\":\"Outfit\",\"fontVariant\":\"600\",\"fontStyle\":\"normal\",\"className\":\"\"} --><\/p>\n<h2 id=\"wp-block-themeisle-blocks-advanced-heading-948398ab\" class=\"wp-block-themeisle-blocks-advanced-heading wp-block-themeisle-blocks-advanced-heading-948398ab\"><span style=\"background-color: rgba(0, 0, 0, 0);\">N\u00e3o pode esperar?\u00a0<\/span><\/h2>\n<h2 id=\"wp-block-themeisle-blocks-advanced-heading-948398ab\" class=\"wp-block-themeisle-blocks-advanced-heading wp-block-themeisle-blocks-advanced-heading-948398ab\"><span class=\"otter-form-input-label__label\" style=\"color: #000000; font-size: 14px; background-color: rgba(0, 0, 0, 0);\">Nos Mande uma mensagem que responderemos o mais r\u00e1pido poss\u00edvel\u00a0<\/span><\/h2>\n<h2 id=\"wp-block-themeisle-blocks-advanced-heading-948398ab\" class=\"wp-block-themeisle-blocks-advanced-heading wp-block-themeisle-blocks-advanced-heading-948398ab\"><span class=\"otter-form-input-label__label\" style=\"color: #000000; font-size: 14px; background-color: rgba(0, 0, 0, 0);\">Nome<\/span><span class=\"required\" style=\"background-color: rgba(0, 0, 0, 0);\">*<\/span><\/h2>\n<div id=\"wp-block-themeisle-blocks-form-f9b364b5\" class=\"wp-block-themeisle-blocks-form\" data-option-name=\"bf9b28ff82ce323187abc5d0feb0d8f07ecd8436_f9b364b5\"><form class=\"otter-form__container\">\n<div id=\"wp-block-themeisle-blocks-form-input-dee32220\" class=\"wp-block-themeisle-blocks-form-input\"><input id=\"wp-block-themeisle-blocks-form-input-dee32220-input\" class=\"otter-form-input\" required=\"\" type=\"text\" placeholder=\"Your Name\" \/><\/div>\n<p><!-- \/wp:themeisle-blocks\/form-input --><!-- wp:themeisle-blocks\/form-input {\"id\":\"wp-block-themeisle-blocks-form-input-ed39daf2\",\"type\":\"email\",\"label\":\"Email\",\"placeholder\":\"Your email\",\"isRequired\":true} --><\/p>\n<div id=\"wp-block-themeisle-blocks-form-input-ed39daf2\" class=\"wp-block-themeisle-blocks-form-input\"><label class=\"otter-form-input-label\" for=\"wp-block-themeisle-blocks-form-input-ed39daf2-input\"><span class=\"otter-form-input-label__label\">Email<\/span><span class=\"required\">*<\/span><\/label><input id=\"wp-block-themeisle-blocks-form-input-ed39daf2-input\" class=\"otter-form-input\" required=\"\" type=\"email\" placeholder=\"Your email\" \/><\/div>\n<p><!-- \/wp:themeisle-blocks\/form-input --><!-- wp:themeisle-blocks\/form-nonce {\"formId\":\"wp-block-themeisle-blocks-form-f9b364b5\"} \/--><!-- wp:themeisle-blocks\/form-textarea {\"id\":\"wp-block-themeisle-blocks-form-textarea-16e85dea\",\"label\":\"Your message\",\"placeholder\":\"Add your message here\"} --><\/p>\n<div id=\"wp-block-themeisle-blocks-form-textarea-16e85dea\" class=\"wp-block-themeisle-blocks-form-textarea\"><label class=\"otter-form-textarea-label\" for=\"wp-block-themeisle-blocks-form-textarea-16e85dea-input\"><span class=\"otter-form-textarea-label__label\">Your message<\/span><\/label><textarea id=\"wp-block-themeisle-blocks-form-textarea-16e85dea-input\" class=\"otter-form-textarea-input\" rows=\"10\" placeholder=\"Add your message here\"><\/textarea><\/div>\n<p><!-- \/wp:themeisle-blocks\/form-textarea --><!-- wp:paragraph {\"align\":\"left\",\"textColor\":\"neve-text-color\",\"fontSize\":\"small\"} --><\/p>\n<p class=\"has-text-align-left has-neve-text-color-color has-text-color has-small-font-size\">This form collects your name and email so that we can reach you back. Check out our <a href=\"#\">Privacy Policy<\/a> page to fully understand how we protect and manage your submitted data.<\/p>\n<p><!-- \/wp:paragraph --><\/p>\n<div class=\"wp-block-button\"><button class=\"wp-block-button__link\" type=\"submit\">Send message!<\/button><\/div>\n<\/form><\/div>\n<p><!-- \/wp:themeisle-blocks\/form --><\/p>\n<\/div>\n<p><!-- \/wp:themeisle-blocks\/advanced-column --><\/p>\n<\/div>\n<\/div>\n<p><!-- \/wp:themeisle-blocks\/advanced-columns --><\/p>\n<\/div>\n<p><!-- \/wp:themeisle-blocks\/advanced-column --><\/p>\n<\/div>\n<\/div>\n<p><!-- \/wp:themeisle-blocks\/advanced-columns --><\/p>\t\t\t\t\t\t<\/div>\n\t\t\t\t<\/div>\n\t\t\t\t\t<\/div>\n\t\t<\/div>\n\t\t\t\t\t\t\t<\/div>\n\t\t<\/section>\n\t\t\t\t\t\t\t<\/div>\n\t\t","protected":false},"excerpt":{"rendered":"","protected":false},"author":1,"featured_media":0,"parent":0,"menu_order":0,"comment_status":"closed","ping_status":"closed","template":"templates\/wpmm-page-template.php","meta":{"_themeisle_gutenberg_block_has_review":false,"footnotes":""},"class_list":["post-321","page","type-page","status-publish","hentry","entry"],"_links":{"self":[{"href":"https:\/\/nefroline.com.br\/index.php?rest_route=\/wp\/v2\/pages\/321","targetHints":{"allow":["GET"]}}],"collection":[{"href":"https:\/\/nefroline.com.br\/index.php?rest_route=\/wp\/v2\/pages"}],"about":[{"href":"https:\/\/nefroline.com.br\/index.php?rest_route=\/wp\/v2\/types\/page"}],"author":[{"embeddable":true,"href":"https:\/\/nefroline.com.br\/index.php?rest_route=\/wp\/v2\/users\/1"}],"replies":[{"embeddable":true,"href":"https:\/\/nefroline.com.br\/index.php?rest_route=%2Fwp%2Fv2%2Fcomments&post=321"}],"version-history":[{"count":5,"href":"https:\/\/nefroline.com.br\/index.php?rest_route=\/wp\/v2\/pages\/321\/revisions"}],"predecessor-version":[{"id":327,"href":"https:\/\/nefroline.com.br\/index.php?rest_route=\/wp\/v2\/pages\/321\/revisions\/327"}],"wp:attachment":[{"href":"https:\/\/nefroline.com.br\/index.php?rest_route=%2Fwp%2Fv2%2Fmedia&parent=321"}],"curies":[{"name":"wp","href":"https:\/\/api.w.org\/{rel}","templated":true}]}}